{"id":3270,"date":"2026-01-27T12:07:17","date_gmt":"2026-01-27T17:07:17","guid":{"rendered":"https:\/\/savourottawa.ca\/ressources-pour-les-nouveaux-agriculteurs\/"},"modified":"2026-01-27T12:26:07","modified_gmt":"2026-01-27T17:26:07","slug":"ressources-pour-les-nouveaux-agriculteurs","status":"publish","type":"page","link":"https:\/\/savourottawa.ca\/fr\/ressources-pour-les-nouveaux-agriculteurs\/","title":{"rendered":"Ressources pour les nouveaux agriculteurs"},"content":{"rendered":"<div class=\"wpb-content-wrapper\"><p>[vc_row][vc_column][vc_column_text css=&#8221;&#8221;]<\/p>\n<h2 style=\"text-align: center;\"><b>Ressources pour les nouveaux agriculteurs<\/b><\/h2>\n<hr>\n<p>[\/vc_column_text][vc_column_text css=&#8221;&#8221;]<\/p>\n<p style=\"text-align: center;\"><strong>Vous \u00eates un nouvel agriculteur ou un agriculteur en herbe ?&nbsp;<\/strong><br \/>\n<strong>Consultez ces ressources pour vous aider \u00e0 d\u00e9marrer votre voyage !<\/strong><\/p>\n<hr>\n<p style=\"text-align: center;\">\n<p>[\/vc_column_text][vc_column_text css=&#8221;&#8221;]<\/p>\n<h3>Occasions \u00e0 venir d&#8217;Alimentation Juste &amp; Savourez Ottawa :<\/h3>\n<ul>\n<li style=\"list-style-type: none;\">\n<ul>\n<li><strong>S\u00e9rie de formation pour les nouveaux agriculteurs<\/strong>\n<ul>\n<li>Fran\u00e7ais &#8211; \u00e0 partir du 7 f\u00e9vrier 2026<\/li>\n<li>Anglais &#8211; \u00e0 partir du 19 mars 2026<\/li>\n<li>Arabe &#8211; \u00e0 partir du 28 mars 2026<\/li>\n<li><a href=\"https:\/\/savourottawa.ca\/fr\/formation\/\">Cliquez ici pour plus d&#8217;informations<\/a><\/li>\n<\/ul>\n<\/li>\n<li><strong>Journ\u00e9e de rencontre des nouveaux agriculteurs<\/strong>\n<ul>\n<li>11 avril 2026<\/li>\n<li>\u00c0 la Ferme communautaire Alimentation Juste (2391 Pepin Crt, Ottawa, ON)<\/li>\n<li><a href=\"https:\/\/savourottawa.ca\/fr\/rassemblement-des-nouveaux-agriculteurs\/\">Cliquez ici pour plus d&#8217;informations<\/a><\/li>\n<\/ul>\n<\/li>\n<\/ul>\n<\/li>\n<\/ul>\n<p>[\/vc_column_text][vc_column_text css=&#8221;&#8221;]<\/p>\n<h3>Autres ressources d&#8217;Alimentation Juste et de Savourez Ottawa :<\/h3>\n<ul>\n<li style=\"list-style-type: none;\">\n<ul>\n<li><a href=\"https:\/\/savourottawa.ca\/fr\/nouvelles-racines\/\">New Roots<\/a><strong> &#8211; <\/strong>aide aux n\u00e9o-Canadiens, y compris le programme Farm Match<\/li>\n<li><a href=\"https:\/\/savourottawa.ca\/fr\/programme-de-demarrage-dune-exploitation-agricole\/\">Programme de d\u00e9marrage d&#8217;une exploitation agricole<\/a><\/li>\n<\/ul>\n<\/li>\n<\/ul>\n<p>[\/vc_column_text][vc_column_text css=&#8221;&#8221;]<\/p>\n<h3>Autres ressources pour les nouveaux agriculteurs :<\/h3>\n<ul>\n<li style=\"list-style-type: none;\">\n<ul>\n<li><a href=\"http:\/\/www.ontarionewfarmer.ca\">Nouveau fermier de l&#8217;Ontario<\/a><\/li>\n<li><a href=\"http:\/\/findfarmland.ca\">Trouver des terres agricoles<\/a><\/li>\n<\/ul>\n<\/li>\n<\/ul>\n<p>[\/vc_column_text][vc_column_text css=&#8221;&#8221;]&nbsp;[\/vc_column_text][vc_column_text css=&#8221;&#8221;]<\/p>\n<table>\n<tbody>\n<tr>\n<td><b>&nbsp; &nbsp; &nbsp; &nbsp; &nbsp; &nbsp; &nbsp;&nbsp;<\/b><\/td>\n<td><b>&nbsp; &nbsp; &nbsp; &nbsp; &nbsp; &nbsp;&nbsp;<\/b><\/td>\n<td><b>&nbsp; &nbsp; &nbsp; &nbsp; &nbsp; <\/b><\/td>\n<\/tr>\n<\/tbody>\n<\/table>\n<p>[\/vc_column_text][\/vc_column][\/vc_row][vc_row][vc_column][\/vc_column][\/vc_row]<\/p>\n<\/div>","protected":false},"excerpt":{"rendered":"<p>[vc_row][vc_column][vc_column_text css=&#8221;&#8221;] Ressources pour les nouveaux agriculteurs [\/vc_column_text][vc_column_text css=&#8221;&#8221;] Vous \u00eates un nouvel agriculteur ou un agriculteur en herbe ?&nbsp; Consultez ces ressources pour vous aider \u00e0 d\u00e9marrer votre voyage ! [\/vc_column_text][vc_column_text css=&#8221;&#8221;] Occasions \u00e0 venir d&#8217;Alimentation Juste &amp; Savourez Ottawa : S\u00e9rie de formation pour les nouveaux agriculteurs Fran\u00e7ais &#8211; \u00e0 partir du 7 &hellip; <a href=\"https:\/\/savourottawa.ca\/fr\/ressources-pour-les-nouveaux-agriculteurs\/\" class=\"more-link\">Continue reading<span class=\"screen-reader-text\"> &#8220;Ressources pour les nouveaux agriculteurs&#8221;<\/span><\/a><\/p>\n","protected":false},"author":11,"featured_media":0,"parent":0,"menu_order":0,"comment_status":"closed","ping_status":"closed","template":"","meta":{"_acf_changed":false,"footnotes":""},"class_list":["post-3270","page","type-page","status-publish","hentry"],"acf":[],"_links":{"self":[{"href":"https:\/\/savourottawa.ca\/fr\/wp-json\/wp\/v2\/pages\/3270","targetHints":{"allow":["GET"]}}],"collection":[{"href":"https:\/\/savourottawa.ca\/fr\/wp-json\/wp\/v2\/pages"}],"about":[{"href":"https:\/\/savourottawa.ca\/fr\/wp-json\/wp\/v2\/types\/page"}],"author":[{"embeddable":true,"href":"https:\/\/savourottawa.ca\/fr\/wp-json\/wp\/v2\/users\/11"}],"replies":[{"embeddable":true,"href":"https:\/\/savourottawa.ca\/fr\/wp-json\/wp\/v2\/comments?post=3270"}],"version-history":[{"count":2,"href":"https:\/\/savourottawa.ca\/fr\/wp-json\/wp\/v2\/pages\/3270\/revisions"}],"predecessor-version":[{"id":3272,"href":"https:\/\/savourottawa.ca\/fr\/wp-json\/wp\/v2\/pages\/3270\/revisions\/3272"}],"wp:attachment":[{"href":"https:\/\/savourottawa.ca\/fr\/wp-json\/wp\/v2\/media?parent=3270"}],"curies":[{"name":"wp","href":"https:\/\/api.w.org\/{rel}","templated":true}]}}