{"id":2148,"date":"2022-11-20T19:26:56","date_gmt":"2022-11-21T00:26:56","guid":{"rendered":"https:\/\/savourottawa.ca\/formation\/"},"modified":"2025-12-12T13:16:11","modified_gmt":"2025-12-12T18:16:11","slug":"formation","status":"publish","type":"page","link":"https:\/\/savourottawa.ca\/fr\/formation\/","title":{"rendered":"Formation"},"content":{"rendered":"<div class=\"wpb-content-wrapper\"><p>[vc_row][vc_column][vc_column_text css=&#8221;&#8221;]<\/p>\n<h2 style=\"font-size: 3rem; text-align: center;\">Formation<\/h2>\n<ul>\n<li style=\"list-style-type: none;\">\n<ul>\n<li style=\"list-style-type: none;\">\n<ul>\n<li><span class=\"a_GcMg font-feature-liga-off font-feature-clig-off font-feature-calt-off text-decoration-none text-strikethrough-none\">Vous envisagez de cr\u00e9er votre propre exploitation agricole, mais vous ne savez pas par o\u00f9 commencer ?<\/span><\/li>\n<li><span class=\"a_GcMg font-feature-liga-off font-feature-clig-off font-feature-calt-off text-decoration-none text-strikethrough-none\">Vous voulez travailler dans une ferme mais vous ne savez pas comment vous y prendre ?<\/span><\/li>\n<li><span class=\"a_GcMg font-feature-liga-off font-feature-clig-off font-feature-calt-off text-decoration-none text-strikethrough-none\">Vous \u00eates d\u00e9j\u00e0 agriculteur, mais vous venez de vous installer dans cette r\u00e9gion ?<\/span><\/li>\n<\/ul>\n<\/li>\n<\/ul>\n<\/li>\n<\/ul>\n<h3 style=\"text-align: center;\"><strong><span class=\"a_GcMg font-feature-liga-off font-feature-clig-off font-feature-calt-off text-decoration-none text-strikethrough-none\">Votre parcours agricole commence ici &#8211; d\u00e9veloppez vos connaissances, vos comp\u00e9tences et votre communaut\u00e9.<\/span><\/strong><\/h3>\n<p class=\"cvGsUA direction-ltr align-start para-style-body\">Nous proposons une s\u00e9rie de formations en 5 parties pour les agriculteurs, disponibles en 3 langues (anglais, fran\u00e7ais et arabe), sur des sujets tels que<\/p>\n<ul>\n<li style=\"list-style-type: none;\">\n<ul>\n<li style=\"list-style-type: none;\">\n<ul>\n<li><span class=\"a_GcMg font-feature-liga-off font-feature-clig-off font-feature-calt-off text-decoration-none text-strikethrough-none\">Marketing<\/span><\/li>\n<li><span class=\"a_GcMg font-feature-liga-off font-feature-clig-off font-feature-calt-off text-decoration-none text-strikethrough-none\">Finances de l&#8217;exploitation<\/span><\/li>\n<li><span class=\"a_GcMg font-feature-liga-off font-feature-clig-off font-feature-calt-off text-decoration-none text-strikethrough-none\">Planification des activit\u00e9s<\/span><\/li>\n<li><span class=\"a_GcMg font-feature-liga-off font-feature-clig-off font-feature-calt-off text-decoration-none text-strikethrough-none\">Planification des cultures<\/span><\/li>\n<li><span class=\"a_GcMg font-feature-liga-off font-feature-clig-off font-feature-calt-off text-decoration-none text-strikethrough-none\">Acc\u00e8s \u00e0 la terre<\/span><\/li>\n<li><span class=\"a_GcMg font-feature-liga-off font-feature-clig-off font-feature-calt-off text-decoration-none text-strikethrough-none\">Acc\u00e8s au financement<\/span><\/li>\n<\/ul>\n<\/li>\n<\/ul>\n<\/li>\n<\/ul>\n<p><strong>Nous vous proposons \u00e9galement :<\/strong><\/p>\n<ul>\n<li style=\"list-style-type: none;\">\n<ul>\n<li style=\"list-style-type: none;\">\n<ul>\n<li><strong><a href=\"https:\/\/savourottawa.ca\/fr\/programme-de-demarrage-dune-exploitation-agricole\/\">Programme de d\u00e9marrage d&#8217;exploitation agricole<\/a> <\/strong>\u00e0 la Ferme communautaire Alimentation Juste &#8211; Ce programme offre la possibilit\u00e9 d&#8217;acc\u00e9der \u00e0 des terres, \u00e0 de l&#8217;\u00e9quipement et \u00e0 des exp\u00e9riences pratiques avec mentorat, dans une ferme incubatrice bas\u00e9e \u00e0 Ottawa. Pour participer \u00e0 ce programme, vous devez suivre notre s\u00e9rie de formations destin\u00e9es aux agriculteurs.<\/li>\n<\/ul>\n<\/li>\n<\/ul>\n<\/li>\n<\/ul>\n<ul>\n<li style=\"list-style-type: none;\">\n<ul>\n<li style=\"list-style-type: none;\">\n<ul>\n<li><strong><a href=\"http:\/\/savourottawa.ca\/new-roots\">Nouvelles racines<\/a> <\/strong>&#8211; Possibilit\u00e9 pour les N\u00e9o-Canadiens de premi\u00e8re et de deuxi\u00e8me g\u00e9n\u00e9ration de participer gratuitement \u00e0 la s\u00e9rie de formation des agriculteurs<em>(gr\u00e2ce au financement du service de d\u00e9veloppement \u00e9conomique communautaire de la ville d&#8217;Ottawa).<\/em> New Roots comprend \u00e9galement un <a href=\"http:\/\/savourottawa.ca\/new-roots\/#farm-match-program\">programme de jumelage de fermes<\/a> pour les mentors et les mentor\u00e9s.<\/li>\n<\/ul>\n<\/li>\n<\/ul>\n<\/li>\n<\/ul>\n<h3><\/h3>\n<p>[\/vc_column_text][vc_separator color=&#8221;orange&#8221; border_width=&#8221;2&#8243; css=&#8221;.vc_custom_1765561843145{margin-bottom: 10px !important;}&#8221;][vc_column_text css=&#8221;&#8221;]<\/p>\n<h2><span style=\"color: #800000;\">Calendrier de formation<\/span><\/h2>\n<p>Ces opportunit\u00e9s de formation sont ouvertes \u00e0 tous les participants d\u00e9sireux d&#8217;am\u00e9liorer et de renforcer leurs comp\u00e9tences.<br \/><strong>Une formation en anglais a \u00e9t\u00e9 propos\u00e9e \u00e0 l&#8217;automne 2025 &#8211; restez \u00e0 l&#8217;\u00e9coute pour les dates de 2026 \u00e0 venir<\/strong>.<\/p>\n<table>\n<tbody>\n<tr>\n<td>\n<p><b>Calendrier pour les sessions en fran\u00e7ais<\/b><\/p>\n<p>Mardi 3 f\u00e9vrier 2026<br \/>Mardi 10 f\u00e9vrier 2026<br \/>Mardi 17 f\u00e9vrier 2026<br \/>Mardi 24 f\u00e9vrier 2026<br \/>Jeudi 26 f\u00e9vrier 2026<\/td>\n<td>\n<p style=\"text-align: right;\"><b>:\u062c\u062f\u0648\u0644 \u0648\u0631\u0634 \u0627\u0644\u0639\u0645\u0644 \u0628\u0627\u0644\u0644\u063a\u0629 \u0627\u0644\u0639\u0631\u0628\u064a\u0629<\/b><\/p>\n<p style=\"text-align: right;\">\u0627\u0644\u0633\u0628\u062a \u0662\u0668 \u0622\u0630\u0627\u0631<br \/>\u0627\u0644\u062b\u0644\u0627\u062b\u0627\u0621 \u0663\u0661 \u0622\u0630\u0627\u0631<br \/>\u0627\u0644\u062b\u0644\u0627\u062b\u0627\u0621 \u0667 \u0646\u064a\u0633\u0627\u0646<br \/>\u0627\u0644\u062b\u0644\u0627\u062b\u0627\u0621 \u0661\u0664 \u0646\u064a\u0633\u0627\u0646<br \/>\u0627\u0644\u062e\u0645\u064a\u0633 \u0661\u0666 \u0646\u064a\u0633<\/p>\n<\/td>\n<\/tr>\n<\/tbody>\n<\/table>\n<p>[\/vc_column_text][vc_btn title=&#8221;\u0627\u0646\u0642\u0631 \u0647\u0646\u0627 \u0644\u0644\u062a\u0633\u062c\u064a\u0644 \u0641\u064a \u062a\u062f\u0631\u064a\u0628 \u0627\u0644\u0645\u0632\u0627\u0631\u0639\u064a\u0646  &#8221; color=&#8221;orange&#8221; align=&#8221;center&#8221; css=&#8221;&#8221; link=&#8221;url:https%3A%2F%2Fforms.gle%2FUYraXxVaY1HyFtL46|&#8221;][vc_btn title=&#8221;Cliquez ici pour vous inscrire \u00e0 la formation pour agriculteurs&#8221; color=&#8221;orange&#8221; align=&#8221;center&#8221; css=&#8221;&#8221; link=&#8221;url:https%3A%2F%2Fforms.gle%2FZm6DXTNWQdhFANrK9|&#8221;][vc_btn title=&#8221;Cliquez ici pour vous inscrire afin d&apos;obtenir des informations sur les prochaines sessions d&apos;anglais.&#8221; color=&#8221;orange&#8221; align=&#8221;center&#8221; css=&#8221;&#8221; link=&#8221;url:https%3A%2F%2Fdocs.google.com%2Fforms%2Fd%2Fe%2F1FAIpQLScfbhz4uD23w-xuB05wLSy5-sCmbGrQqJbwMQrw9eg9KdkYFQ%2Fviewform|&#8221;][vc_column_text css=&#8221;&#8221;]<\/p>\n<h3><strong>R\u00e9vision des baux &#8211; <em>en cours<\/em><\/strong><\/h3>\n<p><span style=\"font-weight: 400;\">Alimentation Juste a des ann\u00e9es d&#8217;exp\u00e9rience dans l&#8217;interpr\u00e9tation et la n\u00e9gociation des baux agricoles. Si vous envisagez de conclure un contrat de bail pour des terres agricoles dans la r\u00e9gion, contactez <a href=\"mailto:farm@justfood.ca\">farm@justfood.ca<\/a>.<\/span><span style=\"font-weight: 400;\">&nbsp;pour organiser votre examen.<\/span>[\/vc_column_text][vc_separator color=&#8221;orange&#8221; border_width=&#8221;2&#8243; css=&#8221;&#8221;][vc_column_text css=&#8221;&#8221;]<\/p>\n<h2><span style=\"color: #800000;\">Possibilit\u00e9s de formation ant\u00e9rieures<\/span><\/h2>\n<p><em>Vous souhaitez en savoir plus sur ce que nous avons propos\u00e9 pr\u00e9c\u00e9demment en mati\u00e8re de formation pour les exploitations agricoles en phase de d\u00e9marrage ?<\/em><\/p>\n<p>Alimentation Juste offre des opportunit\u00e9s de formation continue depuis 2005. Voici une petite s\u00e9lection de ce que nous avons propos\u00e9 par le pass\u00e9 : <\/p>\n<h3><strong>Formation sur les serres<\/strong><\/h3>\n<p>L&#8217;Alimentation Juste a d\u00e9j\u00e0 propos\u00e9 cette formation et travaille \u00e0 en programmer d&#8217;autres \u00e0 l&#8217;avenir &#8211; <span style=\"font-weight: 400;\">gardez un \u0153il sur la <\/span><a href=\"https:\/\/justfood.nationbuilder.com\/newsletter_signup\"><span style=\"font-weight: 400;\">Bulletin d&#8217;information pour les agriculteurs<\/span><\/a><span style=\"font-weight: 400;\">  pour avoir des nouvelles de la prochaine s\u00e9rie. Les sessions de formation intensive en ligne de Greenhouse sont parmi les plus populaires.<\/span><\/p>\n<p><span style=\"font-weight: 400;\">En 2021, Alimentation Juste a lanc\u00e9 la s\u00e9rie de formations en ligne Greenhouse. <\/span><a href=\"https:\/\/justfood.ca\/2021\/01\/14\/greenhouse-training\/\"><span style=\"font-weight: 400;\">S\u00e9rie de formation en ligne sur les serres<\/span><\/a><span style=\"font-weight: 400;\">qui propose un atelier intensif de deux sessions pour ceux qui souhaitent apprendre \u00e0 produire des semis biologiques en serre, sous la direction de Sophie Clark de Trout Lily Organic Seedlings. <\/span><\/p>\n<p><a href=\"https:\/\/justfood.ca\/2022\/01\/14\/greenhouse-training-online-intensive-course-2022\/\"><span style=\"font-weight: 400;\">En 2022<\/span><\/a><span style=\"font-weight: 400;\"> Sophie a \u00e9t\u00e9 rejointe par Michaela Cruz de Healing Hands Farm. <\/span><\/p>\n<p>En 2023, nous avons organis\u00e9 notre premier <a href=\"https:\/\/justfood.ca\/2023\/02\/08\/greenhouse-training-intensive-course-2023\/\" target=\"_blank\" rel=\"noopener\">cours intensif de formation en serre hybride<\/a>, avec Mat Levinson de <a href=\"https:\/\/slowrootsfarm.ca\" target=\"_blank\" rel=\"noopener\">Slow Roots Farm<\/a> animant des sessions en ligne et en personne dans la serre de la Ferme communautaire Alimentation Juste.<\/p>\n<h3><strong>Formation ASC&nbsp;<\/strong><\/h3>\n<p><span style=\"font-weight: 400;\">Depuis 2005, et dans le cadre de la s\u00e9rie de formations pour agriculteurs d\u00e9butants, Alimentation Juste propose une formation sur la cr\u00e9ation de votre propre ASC.<\/span><\/p>\n<h3>S\u00e9rie de formation 2022<\/h3>\n<p><strong>S\u00e9rie de formation pour les nouveaux agriculteurs canadiens : <\/strong><span style=\"font-weight: 400;\"><br \/><\/span><span style=\"font-weight: 400;\">Production de l\u00e9gumes <\/span><\/p>\n<ol>\n<li> <span style=\"font-weight: 400;\"> Mardi 31 mai (18h-21h) &#8211; En ligne <\/span><span style=\"font-weight: 400;\"><br \/><\/span><span style=\"font-weight: 400;\">Droits des travailleurs agricoles en Ontario<\/span><\/li>\n<li> <span style=\"font-weight: 400;\"> Jeudi 2 juin (18h-21h) &#8211; En ligne<\/span><span style=\"font-weight: 400;\"><br \/><\/span><span style=\"font-weight: 400;\">S\u00e9curit\u00e9 \u00e0 la ferme<\/span><\/li>\n<li> <span style=\"font-weight: 400;\"> Dimanche 5 juin (10h-15h30) &#8211; En personne &#8211; Ferme communautaire Alimentation Juste<\/span><span style=\"font-weight: 400;\"><br \/><\/span><span style=\"font-weight: 400;\">Irrigation des fermes \u00e0 petite \u00e9chelle et utilisation de l&#8217;\u00e9quipement<\/span><\/li>\n<li> <span style=\"font-weight: 400;\"> Mardi 7 juin (18h-21h) &#8211; En ligne<\/span><span style=\"font-weight: 400;\"><br \/><\/span><span style=\"font-weight: 400;\">Certification biologique et tenue de registres <\/span><\/li>\n<li> <span style=\"font-weight: 400;\"> Jeudi 9 juin (18h-21h) &#8211; En ligne<\/span><span style=\"font-weight: 400;\"><br \/><\/span><span style=\"font-weight: 400;\">Planification de l&#8217;exploitation agricole (y compris le mod\u00e8le ASC)<\/span><\/li>\n<li> <span style=\"font-weight: 400;\"> Mardi 14 juin (18h-21h) &#8211; En ligne<\/span><span style=\"font-weight: 400;\"><br \/><\/span><span style=\"font-weight: 400;\">Planification agricole (financi\u00e8re, \u00e9cologique et sociale), strat\u00e9gies d&#8217;investissement et financement<\/span><\/li>\n<li> <span style=\"font-weight: 400;\"> Jeudi 16 juin (18h-21h) &#8211; En ligne<\/span><span style=\"font-weight: 400;\"><br \/><\/span><span style=\"font-weight: 400;\">Fertilit\u00e9 des sols gr\u00e2ce aux pratiques de production biologique<\/span><\/li>\n<li> <span style=\"font-weight: 400;\"> Lundi 20 juin (18h-21h) &#8211; En ligne  <\/span><span style=\"font-weight: 400;\"><br \/><\/span><span style=\"font-weight: 400;\">Meilleures pratiques pour le d\u00e9marrage et la transplantation, l&#8217;approvisionnement en fournitures (par exemple, l&#8217;irrigation).<\/span><\/li>\n<li> <span style=\"font-weight: 400;\"> Jeudi 23 juin (18h-21h) &#8211; En ligne<\/span><span style=\"font-weight: 400;\"><br \/><\/span><span style=\"font-weight: 400;\">Planification des cultures et production (y compris la tenue de registres biologiques, la planification de la lutte contre les ravageurs)<\/span><span style=\"font-weight: 400;\"><br \/><\/span><span style=\"font-weight: 400;\">lutte contre les parasites)<\/span><\/li>\n<li> <span style=\"font-weight: 400;\"> Jeudi 30 juin (18h-21h) &#8211; En ligne<\/span><span style=\"font-weight: 400;\"><br \/><\/span><span style=\"font-weight: 400;\">Marketing, prix et ventes<\/span><\/li>\n<li> <span style=\"font-weight: 400;\"> Mardi 5 juillet (18h-21h) &#8211; En ligne<\/span><span style=\"font-weight: 400;\"><br \/><\/span><span style=\"font-weight: 400;\">Acc\u00e8s \u00e0 la terre ; accords fonciers<\/span><\/li>\n<li>&nbsp;Dimanche 10 juillet (9h00 &#8211; 12h00) &#8211; En personne &#8211; Ferme communautaire Alimentation Juste<br \/>Techniques de production intensive de l\u00e9gumes (y compris la lutte contre les parasites) et manipulation post-r\u00e9colte.<\/li>\n<\/ol>\n<p>&nbsp;[\/vc_column_text][\/vc_column][\/vc_row]<\/p>\n<\/div>","protected":false},"excerpt":{"rendered":"<p>[vc_row][vc_column][vc_column_text css=&#8221;&#8221;] Formation Vous envisagez de cr\u00e9er votre propre exploitation agricole, mais vous ne savez pas par o\u00f9 commencer ? Vous voulez travailler dans une ferme mais vous ne savez pas comment vous y prendre ? Vous \u00eates d\u00e9j\u00e0 agriculteur, mais vous venez de vous installer dans cette r\u00e9gion ? Votre parcours agricole commence ici &hellip; <a href=\"https:\/\/savourottawa.ca\/fr\/formation\/\" class=\"more-link\">Continue reading<span class=\"screen-reader-text\"> &#8220;Formation&#8221;<\/span><\/a><\/p>\n","protected":false},"author":1,"featured_media":0,"parent":0,"menu_order":0,"comment_status":"closed","ping_status":"closed","template":"","meta":{"_acf_changed":false,"footnotes":""},"class_list":["post-2148","page","type-page","status-publish","hentry"],"acf":[],"_links":{"self":[{"href":"https:\/\/savourottawa.ca\/fr\/wp-json\/wp\/v2\/pages\/2148","targetHints":{"allow":["GET"]}}],"collection":[{"href":"https:\/\/savourottawa.ca\/fr\/wp-json\/wp\/v2\/pages"}],"about":[{"href":"https:\/\/savourottawa.ca\/fr\/wp-json\/wp\/v2\/types\/page"}],"author":[{"embeddable":true,"href":"https:\/\/savourottawa.ca\/fr\/wp-json\/wp\/v2\/users\/1"}],"replies":[{"embeddable":true,"href":"https:\/\/savourottawa.ca\/fr\/wp-json\/wp\/v2\/comments?post=2148"}],"version-history":[{"count":5,"href":"https:\/\/savourottawa.ca\/fr\/wp-json\/wp\/v2\/pages\/2148\/revisions"}],"predecessor-version":[{"id":3213,"href":"https:\/\/savourottawa.ca\/fr\/wp-json\/wp\/v2\/pages\/2148\/revisions\/3213"}],"wp:attachment":[{"href":"https:\/\/savourottawa.ca\/fr\/wp-json\/wp\/v2\/media?parent=2148"}],"curies":[{"name":"wp","href":"https:\/\/api.w.org\/{rel}","templated":true}]}}